{"id":487,"date":"2025-11-17T17:43:12","date_gmt":"2025-11-17T16:43:12","guid":{"rendered":"https:\/\/nomadinperu.com\/es\/?page_id=487"},"modified":"2025-11-17T17:43:13","modified_gmt":"2025-11-17T16:43:13","slug":"nuestros-proyectos-sociales","status":"publish","type":"page","link":"https:\/\/nomadinperu.com\/es\/nuestros-proyectos-sociales\/","title":{"rendered":"Nuestros Proyectos Sociales"},"content":{"rendered":"\n<h1 class=\"wp-block-heading\">Nuestros Proyectos Sociales<\/h1>\n\n\n\n<h2 class=\"wp-block-heading\">Nomad In Peru Marcando la Diferencia<\/h2>\n\n\n<div class=\"wp-block-image\">\n<figure class=\"aligncenter size-full\"><img decoding=\"async\" src=\"https:\/\/nomadinperu.com\/wp-content\/uploads\/nomad-in-peru-social-proyects05.webp\" alt=\"\" class=\"wp-image-422\"\/><\/figure>\n<\/div>\n\n\n<p>En Nomad In Peru, nos apasiona retribuir a las comunidades locales de la regi\u00f3n de Cusco, apoyando a las familias y poblados que nos permiten utilizar sus tierras para realizar actividades de trekking y campamentos, adem\u00e1s de promover negocios locales administrados y operados por sus propios habitantes. Cada a\u00f1o organizamos diversas actividades solidarias en beneficio de distintas comunidades. Muchas personas que viven en zonas altoandinas no tienen acceso regular a talleres sobre manejo sostenible y crianza de llamas.<\/p>\n\n\n<div class=\"wp-block-image\">\n<figure class=\"aligncenter size-full\"><img decoding=\"async\" src=\"https:\/\/nomadinperu.com\/wp-content\/uploads\/nomad-in-peru-social-proyects01.webp\" alt=\"\" class=\"wp-image-417\"\/><\/figure>\n<\/div>\n\n\n<p>Este proyecto tiene como objetivo empoderar a las familias dedicadas a la crianza de llamas; mejorar la calidad gen\u00e9tica de sus reba\u00f1os; brindar capacitaci\u00f3n en tejido y uso de fibra a mujeres artesanas; apoyar la generaci\u00f3n directa de ingresos para familias pastoras; y ofrecer programas educativos para ni\u00f1os enfocados en la conservaci\u00f3n del entorno y la importancia cultural de las llamas en la historia andina. Tambi\u00e9n busca promover el turismo vivencial responsable, preservar las tradiciones asociadas a estos emblem\u00e1ticos cam\u00e9lidos y atraer a m\u00e1s viajeros interesados en actividades culturales y de experiencia aut\u00e9ntica.<\/p>\n\n\n<div class=\"wp-block-image\">\n<figure class=\"aligncenter size-full\"><img decoding=\"async\" src=\"https:\/\/nomadinperu.com\/wp-content\/uploads\/nomad-in-peru-social-proyects02.webp\" alt=\"\" class=\"wp-image-418\"\/><\/figure>\n<\/div>\n\n\n<p>\u00a1\u00danete a nosotros para marcar la diferencia! Puedes ayudar a apoyar a las comunidades locales y preservar una parte \u00fanica del patrimonio andino. Nuestro objetivo es recaudar fondos y reunir voluntarios para construir Centros de Interpretaci\u00f3n de la Llama en comunidades pastoriles, brindando a los visitantes la oportunidad de descubrir y celebrar la importancia cultural de esta extraordinaria especie. Tu apoyo puede contribuir a mantener vivas estas tradiciones por muchas generaciones.<\/p>\n\n\n<div class=\"wp-block-image\">\n<figure class=\"aligncenter size-full\"><img decoding=\"async\" src=\"https:\/\/nomadinperu.com\/wp-content\/uploads\/nomad-in-peru-social-proyects03.webp\" alt=\"\" class=\"wp-image-419\"\/><\/figure>\n<\/div>\n\n\n<p>Nuestro Proyecto Social es un fondo sin fines de lucro que re\u00fane una selecci\u00f3n de valiosas organizaciones comunitarias a las cuales puedes contribuir.<\/p>\n\n\n<div class=\"wp-block-image\">\n<figure class=\"aligncenter size-full\"><img decoding=\"async\" src=\"https:\/\/nomadinperu.com\/wp-content\/uploads\/nomad-in-peru-social-proyects04.webp\" alt=\"\" class=\"wp-image-420\"\/><\/figure>\n<\/div>\n","protected":false},"excerpt":{"rendered":"<p>Nuestros Proyectos Sociales Nomad In Peru Marcando la Diferencia En Nomad In Peru, nos apasiona retribuir a las comunidades locales&#8230;<\/p>\n","protected":false},"author":1,"featured_media":0,"parent":0,"menu_order":0,"comment_status":"closed","ping_status":"closed","template":"","meta":{"footnotes":""},"class_list":["post-487","page","type-page","status-publish","hentry"],"_links":{"self":[{"href":"https:\/\/nomadinperu.com\/es\/wp-json\/wp\/v2\/pages\/487","targetHints":{"allow":["GET"]}}],"collection":[{"href":"https:\/\/nomadinperu.com\/es\/wp-json\/wp\/v2\/pages"}],"about":[{"href":"https:\/\/nomadinperu.com\/es\/wp-json\/wp\/v2\/types\/page"}],"author":[{"embeddable":true,"href":"https:\/\/nomadinperu.com\/es\/wp-json\/wp\/v2\/users\/1"}],"replies":[{"embeddable":true,"href":"https:\/\/nomadinperu.com\/es\/wp-json\/wp\/v2\/comments?post=487"}],"version-history":[{"count":1,"href":"https:\/\/nomadinperu.com\/es\/wp-json\/wp\/v2\/pages\/487\/revisions"}],"predecessor-version":[{"id":488,"href":"https:\/\/nomadinperu.com\/es\/wp-json\/wp\/v2\/pages\/487\/revisions\/488"}],"wp:attachment":[{"href":"https:\/\/nomadinperu.com\/es\/wp-json\/wp\/v2\/media?parent=487"}],"curies":[{"name":"wp","href":"https:\/\/api.w.org\/{rel}","templated":true}]}}