{"id":362,"date":"2025-10-10T18:47:50","date_gmt":"2025-10-10T16:47:50","guid":{"rendered":"https:\/\/nomadinperu.com\/web25\/?page_id=362"},"modified":"2025-11-10T15:08:15","modified_gmt":"2025-11-10T14:08:15","slug":"contact-us","status":"publish","type":"page","link":"https:\/\/nomadinperu.com\/es\/contact-us\/","title":{"rendered":"Contact Us"},"content":{"rendered":"\n<h1 class=\"wp-block-heading\">Contactos<\/h1>\n\n\n\n<h2 class=\"wp-block-heading\">Nomad In Peru<\/h2>\n\n\n\n<p>\u00bfTienes preguntas o est\u00e1s listo para planificar tu pr\u00f3xima aventura en Per\u00fa? Usa el formulario a continuaci\u00f3n para contactar a Nomad In Peru. Nuestro equipo estar\u00e1 encantado de brindarte informaci\u00f3n personalizada sobre tours, caminatas y experiencias de viaje en Cusco, Machu Picchu y los Andes.<\/p>\n\n\n\n<p>Nos comprometemos a ofrecerte respuestas r\u00e1pidas y detalladas para que organices tu viaje con confianza y tranquilidad. Completa tus datos y nos pondremos en contacto contigo pronto para comenzar a dise\u00f1ar tu viaje perfecto por Per\u00fa.<\/p>\n","protected":false},"excerpt":{"rendered":"<p>Contactos Nomad In Peru \u00bfTienes preguntas o est\u00e1s listo para planificar tu pr\u00f3xima aventura en Per\u00fa? Usa el formulario a&#8230;<\/p>\n","protected":false},"author":1,"featured_media":0,"parent":0,"menu_order":0,"comment_status":"closed","ping_status":"closed","template":"templates\/page-contact.php","meta":{"footnotes":""},"class_list":["post-362","page","type-page","status-publish","hentry"],"_links":{"self":[{"href":"https:\/\/nomadinperu.com\/es\/wp-json\/wp\/v2\/pages\/362","targetHints":{"allow":["GET"]}}],"collection":[{"href":"https:\/\/nomadinperu.com\/es\/wp-json\/wp\/v2\/pages"}],"about":[{"href":"https:\/\/nomadinperu.com\/es\/wp-json\/wp\/v2\/types\/page"}],"author":[{"embeddable":true,"href":"https:\/\/nomadinperu.com\/es\/wp-json\/wp\/v2\/users\/1"}],"replies":[{"embeddable":true,"href":"https:\/\/nomadinperu.com\/es\/wp-json\/wp\/v2\/comments?post=362"}],"version-history":[{"count":4,"href":"https:\/\/nomadinperu.com\/es\/wp-json\/wp\/v2\/pages\/362\/revisions"}],"predecessor-version":[{"id":456,"href":"https:\/\/nomadinperu.com\/es\/wp-json\/wp\/v2\/pages\/362\/revisions\/456"}],"wp:attachment":[{"href":"https:\/\/nomadinperu.com\/es\/wp-json\/wp\/v2\/media?parent=362"}],"curies":[{"name":"wp","href":"https:\/\/api.w.org\/{rel}","templated":true}]}}