{"id":343,"date":"2025-10-10T00:32:41","date_gmt":"2025-10-09T22:32:41","guid":{"rendered":"https:\/\/nomadinperu.com\/web25\/?page_id=343"},"modified":"2025-11-10T15:10:10","modified_gmt":"2025-11-10T14:10:10","slug":"ausangate-treks","status":"publish","type":"page","link":"https:\/\/nomadinperu.com\/es\/ausangate-treks\/","title":{"rendered":"Ausangate Treks"},"content":{"rendered":"\n<h1 class=\"wp-block-heading\">Ausangate Treks<\/h1>\n\n\n\n<h2 class=\"wp-block-heading\">La Monta\u00f1a Sagrada de los Andes<\/h2>\n\n\n\n<p>La caminata al Ausangate te invita a explorar uno de los paisajes m\u00e1s majestuosos y espirituales de Per\u00fa. Rodeado de cumbres nevadas, lagos turquesa y comunidades andinas que parecen no tener fin, este viaje ofrece una profunda conexi\u00f3n con la naturaleza y la cultura. Cada paso a lo largo de la monta\u00f1a sagrada revela una belleza sobrecogedora, tradiciones ancestrales y el esp\u00edritu vivo de los Andes.<\/p>\n\n\n\n<h3 class=\"wp-block-heading\">Nuestras aventuras de senderismo en Ausangate<\/h3>\n\n\n<div class=\"nomadinperu-posts-grid\" style=\"display: flex; flex-wrap: wrap; gap: 20px;\"><div class=\"nomadinperu-post-item\" style=\"width: calc(33.333333333333% - 20px); background: white; border-radius: 10px; overflow: hidden; box-shadow: 0 5px 15px rgba(0,0,0,0.1);\"><div class=\"post-thumbnail\" style=\"height: 400px; overflow: hidden;\"><a href=\"https:\/\/nomadinperu.com\/es\/ausangate-trek-and-sibinacocha-lagoon-6-days\/\"><img loading=\"lazy\" decoding=\"async\" width=\"800\" height=\"600\" src=\"https:\/\/nomadinperu.com\/es\/wp-content\/uploads\/ausangate06.webp\" class=\"attachment-medium size-medium wp-post-image\" alt=\"\" style=\"width: 100%; height: 100%; object-fit: cover;\" srcset=\"https:\/\/nomadinperu.com\/es\/wp-content\/uploads\/ausangate06.webp 800w, https:\/\/nomadinperu.com\/es\/wp-content\/uploads\/ausangate06-768x576.webp 768w\" sizes=\"auto, (max-width: 800px) 100vw, 800px\" \/><\/a><\/div><div class=\"post-content\" style=\"padding: 20px;\"><h3 class=\"post-title\" style=\"margin-bottom: 15px; font-size: 18px;\"><a href=\"https:\/\/nomadinperu.com\/es\/ausangate-trek-and-sibinacocha-lagoon-6-days\/\" style=\"text-decoration: none; color: #2c3e50;\">Caminata Ausangate y Laguna de Sibinacocha 6 D\u00edas<\/a><\/h3><div class=\"tour-meta\" style=\"margin-bottom: 15px; font-size: 14px; color: #666;\"><span style=\"margin-right: 15px;\"><i class=\"fas fa-calendar\"><\/i> 6 dias - 5 noche<\/span><span style=\"margin-right: 15px;\"><i class=\"fas fa-map-marker-alt\"><\/i> Cusco<\/span><span><i class=\"fas fa-walking\"><\/i> Grup\u00f3s Privados<\/span><\/div><p class=\"post-excerpt\" style=\"margin-bottom: 15px; color: #666; line-height: 1.5;\">Short Itinerary ITINERARIO DIA 1: CUSCO \u2013 QOMERCOCHA LAGOON Traslado temprano desde su hotel en Cusco con salida a las...<\/p><a href=\"https:\/\/nomadinperu.com\/es\/ausangate-trek-and-sibinacocha-lagoon-6-days\/\" class=\"read-more-btn\" style=\"display: inline-block; background: #e74c3c; color: white; padding: 10px 20px; text-decoration: none; border-radius: 5px; font-weight: bold; transition: background 0.3s;\">View Details<\/a><\/div><\/div><div class=\"nomadinperu-post-item\" style=\"width: calc(33.333333333333% - 20px); background: white; border-radius: 10px; overflow: hidden; box-shadow: 0 5px 15px rgba(0,0,0,0.1);\"><div class=\"post-thumbnail\" style=\"height: 400px; overflow: hidden;\"><a href=\"https:\/\/nomadinperu.com\/es\/ausangate-trek-rainbow-mountain-6-days\/\"><img loading=\"lazy\" decoding=\"async\" width=\"450\" height=\"600\" src=\"https:\/\/nomadinperu.com\/es\/wp-content\/uploads\/rainbow-mountain14.webp\" class=\"attachment-medium size-medium wp-post-image\" alt=\"\" style=\"width: 100%; height: 100%; object-fit: cover;\" \/><\/a><\/div><div class=\"post-content\" style=\"padding: 20px;\"><h3 class=\"post-title\" style=\"margin-bottom: 15px; font-size: 18px;\"><a href=\"https:\/\/nomadinperu.com\/es\/ausangate-trek-rainbow-mountain-6-days\/\" style=\"text-decoration: none; color: #2c3e50;\">Trekking a Ausangate + Monta\u00f1a Arco\u00edris (6 d\u00edas)<\/a><\/h3><div class=\"tour-meta\" style=\"margin-bottom: 15px; font-size: 14px; color: #666;\"><span style=\"margin-right: 15px;\"><i class=\"fas fa-calendar\"><\/i> 6 dias - 5 noches<\/span><span style=\"margin-right: 15px;\"><i class=\"fas fa-map-marker-alt\"><\/i> Cusco<\/span><span><i class=\"fas fa-walking\"><\/i> Grupos Privados<\/span><\/div><p class=\"post-excerpt\" style=\"margin-bottom: 15px; color: #666; line-height: 1.5;\">Itinerario Breve ITINERARIO DIA 1:CUSCO \u2013 TINQUI \u2013 UPIS Tu aventura comienza temprano, con tu gu\u00eda reuni\u00e9ndose contigo en Cusco...<\/p><a href=\"https:\/\/nomadinperu.com\/es\/ausangate-trek-rainbow-mountain-6-days\/\" class=\"read-more-btn\" style=\"display: inline-block; background: #e74c3c; color: white; padding: 10px 20px; text-decoration: none; border-radius: 5px; font-weight: bold; transition: background 0.3s;\">View Details<\/a><\/div><\/div><div class=\"nomadinperu-post-item\" style=\"width: calc(33.333333333333% - 20px); background: white; border-radius: 10px; overflow: hidden; box-shadow: 0 5px 15px rgba(0,0,0,0.1);\"><div class=\"post-thumbnail\" style=\"height: 400px; overflow: hidden;\"><a href=\"https:\/\/nomadinperu.com\/es\/ausangate-trek-rainbow-mountain-4-days\/\"><img loading=\"lazy\" decoding=\"async\" width=\"450\" height=\"600\" src=\"https:\/\/nomadinperu.com\/es\/wp-content\/uploads\/rainbow-mountain09.webp\" class=\"attachment-medium size-medium wp-post-image\" alt=\"\" style=\"width: 100%; height: 100%; object-fit: cover;\" \/><\/a><\/div><div class=\"post-content\" style=\"padding: 20px;\"><h3 class=\"post-title\" style=\"margin-bottom: 15px; font-size: 18px;\"><a href=\"https:\/\/nomadinperu.com\/es\/ausangate-trek-rainbow-mountain-4-days\/\" style=\"text-decoration: none; color: #2c3e50;\">Trekking a Ausangate + Monta\u00f1a Arco\u00edris (4 d\u00edas)<\/a><\/h3><div class=\"tour-meta\" style=\"margin-bottom: 15px; font-size: 14px; color: #666;\"><span style=\"margin-right: 15px;\"><i class=\"fas fa-calendar\"><\/i> 4 dias -3 noches<\/span><span style=\"margin-right: 15px;\"><i class=\"fas fa-map-marker-alt\"><\/i> Cusco<\/span><span><i class=\"fas fa-walking\"><\/i> Grupos Privados<\/span><\/div><p class=\"post-excerpt\" style=\"margin-bottom: 15px; color: #666; line-height: 1.5;\">Itinerario breve ITINERARY Day 1: CUSCO \u2013 TINQUI \u2013 UPIS Su aventura comienza temprano. Su gu\u00eda los recibir\u00e1 en Cusco...<\/p><a href=\"https:\/\/nomadinperu.com\/es\/ausangate-trek-rainbow-mountain-4-days\/\" class=\"read-more-btn\" style=\"display: inline-block; background: #e74c3c; color: white; padding: 10px 20px; text-decoration: none; border-radius: 5px; font-weight: bold; transition: background 0.3s;\">View Details<\/a><\/div><\/div><div class=\"nomadinperu-post-item\" style=\"width: calc(33.333333333333% - 20px); background: white; border-radius: 10px; overflow: hidden; box-shadow: 0 5px 15px rgba(0,0,0,0.1);\"><div class=\"post-thumbnail\" style=\"height: 400px; overflow: hidden;\"><a href=\"https:\/\/nomadinperu.com\/es\/ausangate-5-days\/\"><img loading=\"lazy\" decoding=\"async\" width=\"338\" height=\"600\" src=\"https:\/\/nomadinperu.com\/es\/wp-content\/uploads\/ausangate13.webp\" class=\"attachment-medium size-medium wp-post-image\" alt=\"\" style=\"width: 100%; height: 100%; object-fit: cover;\" \/><\/a><\/div><div class=\"post-content\" style=\"padding: 20px;\"><h3 class=\"post-title\" style=\"margin-bottom: 15px; font-size: 18px;\"><a href=\"https:\/\/nomadinperu.com\/es\/ausangate-5-days\/\" style=\"text-decoration: none; color: #2c3e50;\">Ausangate 5 dias<\/a><\/h3><div class=\"tour-meta\" style=\"margin-bottom: 15px; font-size: 14px; color: #666;\"><span style=\"margin-right: 15px;\"><i class=\"fas fa-calendar\"><\/i> 5 dias - 4 noches<\/span><span style=\"margin-right: 15px;\"><i class=\"fas fa-map-marker-alt\"><\/i> Cusco<\/span><span><i class=\"fas fa-walking\"><\/i> Grupos Privados<\/span><\/div><p class=\"post-excerpt\" style=\"margin-bottom: 15px; color: #666; line-height: 1.5;\">Short Itinerary ITINERARIO DIA 1: CUSCO \u2013 TINQUI VILLAGE \u2013 UPIS Comenzamos nuestra aventura con un traslado temprano por la...<\/p><a href=\"https:\/\/nomadinperu.com\/es\/ausangate-5-days\/\" class=\"read-more-btn\" style=\"display: inline-block; background: #e74c3c; color: white; padding: 10px 20px; text-decoration: none; border-radius: 5px; font-weight: bold; transition: background 0.3s;\">View Details<\/a><\/div><\/div><div class=\"nomadinperu-post-item\" style=\"width: calc(33.333333333333% - 20px); background: white; border-radius: 10px; overflow: hidden; box-shadow: 0 5px 15px rgba(0,0,0,0.1);\"><div class=\"post-thumbnail\" style=\"height: 400px; overflow: hidden;\"><a href=\"https:\/\/nomadinperu.com\/es\/ausangate-trek-machu-picchu-7-days\/\"><img loading=\"lazy\" decoding=\"async\" width=\"450\" height=\"600\" src=\"https:\/\/nomadinperu.com\/es\/wp-content\/uploads\/machu-picchu07.webp\" class=\"attachment-medium size-medium wp-post-image\" alt=\"\" style=\"width: 100%; height: 100%; object-fit: cover;\" \/><\/a><\/div><div class=\"post-content\" style=\"padding: 20px;\"><h3 class=\"post-title\" style=\"margin-bottom: 15px; font-size: 18px;\"><a href=\"https:\/\/nomadinperu.com\/es\/ausangate-trek-machu-picchu-7-days\/\" style=\"text-decoration: none; color: #2c3e50;\">Ausangate Trek + Machu Picchu 7 d\u00edas<\/a><\/h3><div class=\"tour-meta\" style=\"margin-bottom: 15px; font-size: 14px; color: #666;\"><span style=\"margin-right: 15px;\"><i class=\"fas fa-calendar\"><\/i> 7 dias - 6 noches<\/span><span style=\"margin-right: 15px;\"><i class=\"fas fa-map-marker-alt\"><\/i> Cusco<\/span><span><i class=\"fas fa-walking\"><\/i> Grupos Privados<\/span><\/div><p class=\"post-excerpt\" style=\"margin-bottom: 15px; color: #666; line-height: 1.5;\">Itinerario breve ITINERARIO DIA 1: CUSCO \u2013 TINQUI VILLAGE \u2013 UPIS Comenzamos el d\u00eda con un traslado temprano desde su...<\/p><a href=\"https:\/\/nomadinperu.com\/es\/ausangate-trek-machu-picchu-7-days\/\" class=\"read-more-btn\" style=\"display: inline-block; background: #e74c3c; color: white; padding: 10px 20px; text-decoration: none; border-radius: 5px; font-weight: bold; transition: background 0.3s;\">View Details<\/a><\/div><\/div><\/div>\n\n\n\n<h3 class=\"wp-block-heading\">\u00bfPor qu\u00e9 reservar la excursi\u00f3n a Ausangate?<\/h3>\n\n\n\n<p>Reservar la caminata de Ausangate significa sumergirse en una aut\u00e9ntica experiencia andina, lejos de las rutas m\u00e1s concurridas. Es una oportunidad \u00fanica para contemplar la belleza pr\u00edstina de la cordillera de Vilcanota y explorar senderos que pocos viajeros llegan a recorrer.<\/p>\n\n\n\n<p>La caminata le permite conectar con comunidades quechuas remotas que conservan tradiciones ancestrales, descubrir lagunas cristalinas y maravillarse con los vibrantes colores de la Monta\u00f1a Arco\u00edris. Cada d\u00eda trae nuevas maravillas naturales y momentos de reflexi\u00f3n rodeado por la majestuosidad de los Andes.<\/p>\n\n\n\n<p>Al reservar su caminata con un operador local confiable, garantiza seguridad, comodidad y una experiencia \u00e9tica que apoya a las familias locales y promueve el turismo sostenible en la sierra peruana.<\/p>\n\n\n\n<h3 class=\"wp-block-heading\">\u00bfPor qu\u00e9 viajar con Nomad en Per\u00fa?<\/h3>\n\n\n\n<p>En Nomad In Peru, somos especialistas en la ruta del Ausangate y ofrecemos itinerarios cuidadosamente dise\u00f1ados que combinan aventura, cultura y autenticidad. Nuestros experimentados gu\u00edas de monta\u00f1a, equipo de campamento de alta calidad y compromiso con el turismo responsable garantizan una experiencia inolvidable. No solo te llevamos de excursi\u00f3n, sino que te guiamos a trav\u00e9s de uno de los paisajes m\u00e1s sagrados de los Andes con respeto, cuidado y pasi\u00f3n.<\/p>\n","protected":false},"excerpt":{"rendered":"<p>Ausangate Treks La Monta\u00f1a Sagrada de los Andes La caminata al Ausangate te invita a explorar uno de los paisajes&#8230;<\/p>\n","protected":false},"author":1,"featured_media":0,"parent":0,"menu_order":0,"comment_status":"closed","ping_status":"closed","template":"","meta":{"footnotes":""},"class_list":["post-343","page","type-page","status-publish","hentry"],"_links":{"self":[{"href":"https:\/\/nomadinperu.com\/es\/wp-json\/wp\/v2\/pages\/343","targetHints":{"allow":["GET"]}}],"collection":[{"href":"https:\/\/nomadinperu.com\/es\/wp-json\/wp\/v2\/pages"}],"about":[{"href":"https:\/\/nomadinperu.com\/es\/wp-json\/wp\/v2\/types\/page"}],"author":[{"embeddable":true,"href":"https:\/\/nomadinperu.com\/es\/wp-json\/wp\/v2\/users\/1"}],"replies":[{"embeddable":true,"href":"https:\/\/nomadinperu.com\/es\/wp-json\/wp\/v2\/comments?post=343"}],"version-history":[{"count":4,"href":"https:\/\/nomadinperu.com\/es\/wp-json\/wp\/v2\/pages\/343\/revisions"}],"predecessor-version":[{"id":457,"href":"https:\/\/nomadinperu.com\/es\/wp-json\/wp\/v2\/pages\/343\/revisions\/457"}],"wp:attachment":[{"href":"https:\/\/nomadinperu.com\/es\/wp-json\/wp\/v2\/media?parent=343"}],"curies":[{"name":"wp","href":"https:\/\/api.w.org\/{rel}","templated":true}]}}