{"id":270,"date":"2025-10-09T16:58:08","date_gmt":"2025-10-09T14:58:08","guid":{"rendered":"https:\/\/nomadinperu.com\/web25\/?page_id=270"},"modified":"2025-11-10T15:11:17","modified_gmt":"2025-11-10T14:11:17","slug":"classic-tours","status":"publish","type":"page","link":"https:\/\/nomadinperu.com\/es\/classic-tours\/","title":{"rendered":"Machupicchu Tours"},"content":{"rendered":"\n<h1 class=\"wp-block-heading\">Tours cl\u00e1sicos de Cusco, Valle Sagrado y Machu Picchu<\/h1>\n\n\n\n<h2 class=\"wp-block-heading\">La esencia del legado inca<\/h2>\n\n\n\n<p>Descubra el coraz\u00f3n cultural de los Andes con nuestros Tours Cl\u00e1sicos, que combinan Cusco, el Valle Sagrado y Machu Picchu en un viaje inolvidable. Estas experiencias est\u00e1n dise\u00f1adas para viajeros que desean descubrir lo mejor de la historia, la arquitectura y las tradiciones del Per\u00fa, disfrutando de comodidad y la gu\u00eda experta en cada paso del camino.<\/p>\n\n\n\n<h3 class=\"wp-block-heading\">Nuestros tours cl\u00e1sicos por Cusco, el Valle Sagrado y Machu Picchu<\/h3>\n\n\n<div class=\"nomadinperu-posts-grid\" style=\"display: flex; flex-wrap: wrap; gap: 20px;\"><div class=\"nomadinperu-post-item\" style=\"width: calc(33.333333333333% - 20px); background: white; border-radius: 10px; overflow: hidden; box-shadow: 0 5px 15px rgba(0,0,0,0.1);\"><div class=\"post-thumbnail\" style=\"height: 400px; overflow: hidden;\"><a href=\"https:\/\/nomadinperu.com\/es\/sacred-valley-and-machu-picchu-trip-2-days\/\"><img loading=\"lazy\" decoding=\"async\" width=\"600\" height=\"800\" src=\"https:\/\/nomadinperu.com\/es\/wp-content\/uploads\/sacred-valley10.webp\" class=\"attachment-medium size-medium wp-post-image\" alt=\"\" style=\"width: 100%; height: 100%; object-fit: cover;\" \/><\/a><\/div><div class=\"post-content\" style=\"padding: 20px;\"><h3 class=\"post-title\" style=\"margin-bottom: 15px; font-size: 18px;\"><a href=\"https:\/\/nomadinperu.com\/es\/sacred-valley-and-machu-picchu-trip-2-days\/\" style=\"text-decoration: none; color: #2c3e50;\">Excursi\u00f3n de 2 d\u00edas al Valle Sagrado y Machu Picchu<\/a><\/h3><div class=\"tour-meta\" style=\"margin-bottom: 15px; font-size: 14px; color: #666;\"><span style=\"margin-right: 15px;\"><i class=\"fas fa-calendar\"><\/i> 2 dias - 1 noche<\/span><span style=\"margin-right: 15px;\"><i class=\"fas fa-map-marker-alt\"><\/i> Cusco<\/span><span><i class=\"fas fa-walking\"><\/i> Grupo Privado<\/span><\/div><p class=\"post-excerpt\" style=\"margin-bottom: 15px; color: #666; line-height: 1.5;\">Itinerario breve ITINERARIO D\u00cdA 1: PISAC \u2013 MORAY \u2013 MARAS \u2013 ESTANQUES DE SAL \u2013 OLLANTAYTAMBO \u2013 AGUAS CALIENTES Nuestro...<\/p><a href=\"https:\/\/nomadinperu.com\/es\/sacred-valley-and-machu-picchu-trip-2-days\/\" class=\"read-more-btn\" style=\"display: inline-block; background: #e74c3c; color: white; padding: 10px 20px; text-decoration: none; border-radius: 5px; font-weight: bold; transition: background 0.3s;\">View Details<\/a><\/div><\/div><div class=\"nomadinperu-post-item\" style=\"width: calc(33.333333333333% - 20px); background: white; border-radius: 10px; overflow: hidden; box-shadow: 0 5px 15px rgba(0,0,0,0.1);\"><div class=\"post-thumbnail\" style=\"height: 400px; overflow: hidden;\"><a href=\"https:\/\/nomadinperu.com\/es\/cusco-city-tour\/\"><img loading=\"lazy\" decoding=\"async\" width=\"560\" height=\"700\" src=\"https:\/\/nomadinperu.com\/es\/wp-content\/uploads\/cusco03.webp\" class=\"attachment-medium size-medium wp-post-image\" alt=\"\" style=\"width: 100%; height: 100%; object-fit: cover;\" \/><\/a><\/div><div class=\"post-content\" style=\"padding: 20px;\"><h3 class=\"post-title\" style=\"margin-bottom: 15px; font-size: 18px;\"><a href=\"https:\/\/nomadinperu.com\/es\/cusco-city-tour\/\" style=\"text-decoration: none; color: #2c3e50;\">Recorrido por la ciudad de Cusco<\/a><\/h3><div class=\"tour-meta\" style=\"margin-bottom: 15px; font-size: 14px; color: #666;\"><span style=\"margin-right: 15px;\"><i class=\"fas fa-calendar\"><\/i> Medio<\/span><span style=\"margin-right: 15px;\"><i class=\"fas fa-map-marker-alt\"><\/i> Cusco<\/span><span><i class=\"fas fa-walking\"><\/i> Grupo privado<\/span><\/div><p class=\"post-excerpt\" style=\"margin-bottom: 15px; color: #666; line-height: 1.5;\">Itinerario breve ITINERARIO D\u00eda 1: City Tour \u2013 Templo del Sol \u2013 Mercado de San Pedro \u2013 Sacsayhuam\u00e1n A las...<\/p><a href=\"https:\/\/nomadinperu.com\/es\/cusco-city-tour\/\" class=\"read-more-btn\" style=\"display: inline-block; background: #e74c3c; color: white; padding: 10px 20px; text-decoration: none; border-radius: 5px; font-weight: bold; transition: background 0.3s;\">View Details<\/a><\/div><\/div><div class=\"nomadinperu-post-item\" style=\"width: calc(33.333333333333% - 20px); background: white; border-radius: 10px; overflow: hidden; box-shadow: 0 5px 15px rgba(0,0,0,0.1);\"><div class=\"post-thumbnail\" style=\"height: 400px; overflow: hidden;\"><a href=\"https:\/\/nomadinperu.com\/es\/machu-picchu-one-day-tour\/\"><img loading=\"lazy\" decoding=\"async\" width=\"450\" height=\"600\" src=\"https:\/\/nomadinperu.com\/es\/wp-content\/uploads\/machu-picchu04.webp\" class=\"attachment-medium size-medium wp-post-image\" alt=\"\" style=\"width: 100%; height: 100%; object-fit: cover;\" \/><\/a><\/div><div class=\"post-content\" style=\"padding: 20px;\"><h3 class=\"post-title\" style=\"margin-bottom: 15px; font-size: 18px;\"><a href=\"https:\/\/nomadinperu.com\/es\/machu-picchu-one-day-tour\/\" style=\"text-decoration: none; color: #2c3e50;\">Excursi\u00f3n de un d\u00eda a Machu Picchu<\/a><\/h3><div class=\"tour-meta\" style=\"margin-bottom: 15px; font-size: 14px; color: #666;\"><span style=\"margin-right: 15px;\"><i class=\"fas fa-calendar\"><\/i> Todo el Dia<\/span><span style=\"margin-right: 15px;\"><i class=\"fas fa-map-marker-alt\"><\/i> Cusco<\/span><span><i class=\"fas fa-walking\"><\/i> Grupos Privados<\/span><\/div><p class=\"post-excerpt\" style=\"margin-bottom: 15px; color: #666; line-height: 1.5;\">Itinerario breve ITINERARIO DIA 1: CUSCO \u2013 OLLANTAYTAMBO \u2013 AGUAS CALIENTES \u2013 MACHU PICCHU \u2013 CUSCO Hoy comienza una experiencia...<\/p><a href=\"https:\/\/nomadinperu.com\/es\/machu-picchu-one-day-tour\/\" class=\"read-more-btn\" style=\"display: inline-block; background: #e74c3c; color: white; padding: 10px 20px; text-decoration: none; border-radius: 5px; font-weight: bold; transition: background 0.3s;\">View Details<\/a><\/div><\/div><\/div>\n\n\n\n<h3 class=\"wp-block-heading\">\u00bfPor qu\u00e9 reservar un tour cl\u00e1sico con Nomad en Per\u00fa?<\/h3>\n\n\n\n<p>Reservar un Tour Cl\u00e1sico te permite disfrutar de los destinos m\u00e1s emblem\u00e1ticos de Per\u00fa de una manera bien organizada y enriquecedora. Descubre la vibrante cultura de Cusco, recorre los antiguos templos del Valle Sagrado y admira la maravilla atemporal de Machu Picchu, todo ello en itinerarios cuidadosamente planificados que combinan exploraci\u00f3n, comodidad y profundidad cultural.<\/p>\n\n\n\n<p>Estos tours son perfectos para quienes buscan una visi\u00f3n integral de la civilizaci\u00f3n inca, con oportunidades para conectar con la poblaci\u00f3n local, degustar los sabores tradicionales andinos y capturar paisajes inolvidables.<\/p>\n\n\n\n<p>Al reservar con un operador local de confianza, no solo obtienes comodidad y una coordinaci\u00f3n experta, sino tambi\u00e9n la garant\u00eda de pr\u00e1cticas de turismo sostenible que respetan a las comunidades y tradiciones locales.<\/p>\n\n\n\n<h3 class=\"wp-block-heading\">\u00bfPor qu\u00e9 viajar con Nomad en Per\u00fa?<\/h3>\n\n\n\n<p>En Nomad In Peru, nos especializamos en crear experiencias excepcionales que revelan lo mejor de Cusco, el Valle Sagrado y Machu Picchu. Nuestros gu\u00edas locales son apasionados narradores que dan vida a cada sitio, combinando conocimiento hist\u00f3rico con una aut\u00e9ntica perspectiva cultural. Ya sea que disponga de un d\u00eda o de varios, nuestros tours cl\u00e1sicos est\u00e1n dise\u00f1ados para brindar comodidad, autenticidad y una profunda conexi\u00f3n con el esp\u00edritu de los Andes.<\/p>\n","protected":false},"excerpt":{"rendered":"<p>Tours cl\u00e1sicos de Cusco, Valle Sagrado y Machu Picchu La esencia del legado inca Descubra el coraz\u00f3n cultural de los&#8230;<\/p>\n","protected":false},"author":1,"featured_media":0,"parent":0,"menu_order":0,"comment_status":"closed","ping_status":"closed","template":"","meta":{"footnotes":""},"class_list":["post-270","page","type-page","status-publish","hentry"],"_links":{"self":[{"href":"https:\/\/nomadinperu.com\/es\/wp-json\/wp\/v2\/pages\/270","targetHints":{"allow":["GET"]}}],"collection":[{"href":"https:\/\/nomadinperu.com\/es\/wp-json\/wp\/v2\/pages"}],"about":[{"href":"https:\/\/nomadinperu.com\/es\/wp-json\/wp\/v2\/types\/page"}],"author":[{"embeddable":true,"href":"https:\/\/nomadinperu.com\/es\/wp-json\/wp\/v2\/users\/1"}],"replies":[{"embeddable":true,"href":"https:\/\/nomadinperu.com\/es\/wp-json\/wp\/v2\/comments?post=270"}],"version-history":[{"count":6,"href":"https:\/\/nomadinperu.com\/es\/wp-json\/wp\/v2\/pages\/270\/revisions"}],"predecessor-version":[{"id":458,"href":"https:\/\/nomadinperu.com\/es\/wp-json\/wp\/v2\/pages\/270\/revisions\/458"}],"wp:attachment":[{"href":"https:\/\/nomadinperu.com\/es\/wp-json\/wp\/v2\/media?parent=270"}],"curies":[{"name":"wp","href":"https:\/\/api.w.org\/{rel}","templated":true}]}}