{"id":244,"date":"2025-10-09T16:35:25","date_gmt":"2025-10-09T14:35:25","guid":{"rendered":"https:\/\/nomadinperu.com\/web25\/?page_id=244"},"modified":"2025-11-10T17:31:19","modified_gmt":"2025-11-10T16:31:19","slug":"home","status":"publish","type":"page","link":"https:\/\/nomadinperu.com\/es\/","title":{"rendered":"Home"},"content":{"rendered":"\n<h1 class=\"wp-block-heading\">Camino Inca a Machu Picchu<\/h1>\n\n\n\n<h2 class=\"wp-block-heading\">Nomad in Per\u00fa: Aut\u00e9nticos viajes por el coraz\u00f3n de los Andes<\/h2>\n\n\n\n<p><strong>Nomad In Peru<\/strong> es una agencia de viajes con sede en Cusco, especializada en crear viajes aut\u00e9nticos e inolvidables por los destinos m\u00e1s emblem\u00e1ticos de Per\u00fa. Con una profunda pasi\u00f3n por la cultura y la naturaleza andinas, dise\u00f1amos experiencias que van m\u00e1s all\u00e1 del turismo, invitando a los viajeros a conectar con la rica historia del pa\u00eds, sus impresionantes paisajes y la calidez de sus comunidades. Nuestros gu\u00edas expertos, el servicio personalizado y los itinerarios cuidadosamente seleccionados garantizan que cada viajero disfrute de una aventura fluida, segura y enriquecedora, ya sea descubriendo la magia de Machu Picchu, el Valle Sagrado o los tesoros ocultos de los Andes.<\/p>\n\n\n\n<p>En <strong>Nomad In Peru<\/strong>, creemos que cada viaje debe inspirar una transformaci\u00f3n. Por eso, combinamos profesionalismo con genuina hospitalidad, ofreciendo comodidad, profundidad cultural y un compromiso con el turismo responsable. Desde tours privados hasta expediciones en grupos peque\u00f1os, cada experiencia est\u00e1 dise\u00f1ada para reflejar el esp\u00edritu de exploraci\u00f3n y el respeto por la tierra que define a Per\u00fa. Nuestra misi\u00f3n es simple: ayudarte a vivir una aventura inolvidable: aut\u00e9ntica, significativa y creada con la esencia de los Andes.<\/p>\n\n\n\n<p><\/p>\n","protected":false},"excerpt":{"rendered":"<p>Camino Inca a Machu Picchu Nomad in Per\u00fa: Aut\u00e9nticos viajes por el coraz\u00f3n de los Andes Nomad In Peru es&#8230;<\/p>\n","protected":false},"author":1,"featured_media":0,"parent":0,"menu_order":0,"comment_status":"closed","ping_status":"closed","template":"","meta":{"footnotes":""},"class_list":["post-244","page","type-page","status-publish","hentry"],"_links":{"self":[{"href":"https:\/\/nomadinperu.com\/es\/wp-json\/wp\/v2\/pages\/244","targetHints":{"allow":["GET"]}}],"collection":[{"href":"https:\/\/nomadinperu.com\/es\/wp-json\/wp\/v2\/pages"}],"about":[{"href":"https:\/\/nomadinperu.com\/es\/wp-json\/wp\/v2\/types\/page"}],"author":[{"embeddable":true,"href":"https:\/\/nomadinperu.com\/es\/wp-json\/wp\/v2\/users\/1"}],"replies":[{"embeddable":true,"href":"https:\/\/nomadinperu.com\/es\/wp-json\/wp\/v2\/comments?post=244"}],"version-history":[{"count":8,"href":"https:\/\/nomadinperu.com\/es\/wp-json\/wp\/v2\/pages\/244\/revisions"}],"predecessor-version":[{"id":470,"href":"https:\/\/nomadinperu.com\/es\/wp-json\/wp\/v2\/pages\/244\/revisions\/470"}],"wp:attachment":[{"href":"https:\/\/nomadinperu.com\/es\/wp-json\/wp\/v2\/media?parent=244"}],"curies":[{"name":"wp","href":"https:\/\/api.w.org\/{rel}","templated":true}]}}