{"id":2,"date":"2025-10-08T23:29:48","date_gmt":"2025-10-08T21:29:48","guid":{"rendered":"https:\/\/nomadinperu.com\/web25\/?page_id=2"},"modified":"2025-11-10T15:04:11","modified_gmt":"2025-11-10T14:04:11","slug":"pagina-ejemplo","status":"publish","type":"page","link":"https:\/\/nomadinperu.com\/es\/pagina-ejemplo\/","title":{"rendered":"Trek Packages"},"content":{"rendered":"\n<h1 class=\"wp-block-heading\">Rutas de senderismo de Salkantay y Lares<\/h1>\n\n\n\n<h2 class=\"wp-block-heading\">Rutas aut\u00e9nticas a Machu Picchu<\/h2>\n\n\n\n<p>Las rutas de Salkantay y Lares ofrecen dos caminos extraordinarios para llegar a Machu Picchu, cada uno con su propio encanto y personalidad. Salkantay cautiva a los aventureros con sus espectaculares paisajes de monta\u00f1a y la majestuosidad del nevado Salkantay, mientras que Lares los sumerge en la aut\u00e9ntica cultura andina, pueblos tradicionales y valles serenos. Ambas rutas combinan naturaleza, historia y cultura viva en un viaje inolvidable por el coraz\u00f3n de los Andes.<\/p>\n\n\n\n<h3 class=\"wp-block-heading\">Nuestras aventuras de trekking en Salkantay y Lares<\/h3>\n\n\n<div class=\"nomadinperu-posts-grid\" style=\"display: flex; flex-wrap: wrap; gap: 20px;\"><div class=\"nomadinperu-post-item\" style=\"width: calc(33.333333333333% - 20px); background: white; border-radius: 10px; overflow: hidden; box-shadow: 0 5px 15px rgba(0,0,0,0.1);\"><div class=\"post-thumbnail\" style=\"height: 400px; overflow: hidden;\"><a href=\"https:\/\/nomadinperu.com\/es\/rainbow-mountain-trek-red-valley-1-day\/\"><img loading=\"lazy\" decoding=\"async\" width=\"450\" height=\"600\" src=\"https:\/\/nomadinperu.com\/es\/wp-content\/uploads\/rainbow-mountain07.webp\" class=\"attachment-medium size-medium wp-post-image\" alt=\"\" style=\"width: 100%; height: 100%; object-fit: cover;\" \/><\/a><\/div><div class=\"post-content\" style=\"padding: 20px;\"><h3 class=\"post-title\" style=\"margin-bottom: 15px; font-size: 18px;\"><a href=\"https:\/\/nomadinperu.com\/es\/rainbow-mountain-trek-red-valley-1-day\/\" style=\"text-decoration: none; color: #2c3e50;\">Excursi\u00f3n de un d\u00eda a la Monta\u00f1a Arco\u00edris y el Valle Rojo<\/a><\/h3><div class=\"tour-meta\" style=\"margin-bottom: 15px; font-size: 14px; color: #666;\"><span style=\"margin-right: 15px;\"><i class=\"fas fa-calendar\"><\/i> Dia Completo<\/span><span style=\"margin-right: 15px;\"><i class=\"fas fa-map-marker-alt\"><\/i> Cusco<\/span><span><i class=\"fas fa-walking\"><\/i> Grupo Privado<\/span><\/div><p class=\"post-excerpt\" style=\"margin-bottom: 15px; color: #666; line-height: 1.5;\">Itinerario breve ITINERARIO DETALLADO DIA 1 \u2013 CUSCO \u2013 CUSIPATA \u2013 LLACTO \u2013 RAINBOW MOUNTAIN \u2013 RED VALLEY \u2013 CUSCO...<\/p><a href=\"https:\/\/nomadinperu.com\/es\/rainbow-mountain-trek-red-valley-1-day\/\" class=\"read-more-btn\" style=\"display: inline-block; background: #e74c3c; color: white; padding: 10px 20px; text-decoration: none; border-radius: 5px; font-weight: bold; transition: background 0.3s;\">View Details<\/a><\/div><\/div><div class=\"nomadinperu-post-item\" style=\"width: calc(33.333333333333% - 20px); background: white; border-radius: 10px; overflow: hidden; box-shadow: 0 5px 15px rgba(0,0,0,0.1);\"><div class=\"post-thumbnail\" style=\"height: 400px; overflow: hidden;\"><a href=\"https:\/\/nomadinperu.com\/es\/humantay-lake-1-day\/\"><img loading=\"lazy\" decoding=\"async\" width=\"525\" height=\"700\" src=\"https:\/\/nomadinperu.com\/es\/wp-content\/uploads\/humantay02.webp\" class=\"attachment-medium size-medium wp-post-image\" alt=\"\" style=\"width: 100%; height: 100%; object-fit: cover;\" \/><\/a><\/div><div class=\"post-content\" style=\"padding: 20px;\"><h3 class=\"post-title\" style=\"margin-bottom: 15px; font-size: 18px;\"><a href=\"https:\/\/nomadinperu.com\/es\/humantay-lake-1-day\/\" style=\"text-decoration: none; color: #2c3e50;\">Lago Humantay 1 d\u00eda<\/a><\/h3><div class=\"tour-meta\" style=\"margin-bottom: 15px; font-size: 14px; color: #666;\"><span style=\"margin-right: 15px;\"><i class=\"fas fa-calendar\"><\/i> Dia completo<\/span><span style=\"margin-right: 15px;\"><i class=\"fas fa-map-marker-alt\"><\/i> Cusco<\/span><span><i class=\"fas fa-walking\"><\/i> Grupos Privados<\/span><\/div><p class=\"post-excerpt\" style=\"margin-bottom: 15px; color: #666; line-height: 1.5;\">Itinerario Breve ITINERARIO DETALLADO DIA 1 \u2013 CUSCO \u2013 HUMANATAY LAKE \u2013 CUSCO We begin our adventure bright and early...<\/p><a href=\"https:\/\/nomadinperu.com\/es\/humantay-lake-1-day\/\" class=\"read-more-btn\" style=\"display: inline-block; background: #e74c3c; color: white; padding: 10px 20px; text-decoration: none; border-radius: 5px; font-weight: bold; transition: background 0.3s;\">View Details<\/a><\/div><\/div><div class=\"nomadinperu-post-item\" style=\"width: calc(33.333333333333% - 20px); background: white; border-radius: 10px; overflow: hidden; box-shadow: 0 5px 15px rgba(0,0,0,0.1);\"><div class=\"post-thumbnail\" style=\"height: 400px; overflow: hidden;\"><a href=\"https:\/\/nomadinperu.com\/es\/classic-salkantay-trek-to-machu-picchu-5-days\/\"><img loading=\"lazy\" decoding=\"async\" width=\"525\" height=\"700\" src=\"https:\/\/nomadinperu.com\/es\/wp-content\/uploads\/salkantay10.webp\" class=\"attachment-medium size-medium wp-post-image\" alt=\"\" style=\"width: 100%; height: 100%; object-fit: cover;\" \/><\/a><\/div><div class=\"post-content\" style=\"padding: 20px;\"><h3 class=\"post-title\" style=\"margin-bottom: 15px; font-size: 18px;\"><a href=\"https:\/\/nomadinperu.com\/es\/classic-salkantay-trek-to-machu-picchu-5-days\/\" style=\"text-decoration: none; color: #2c3e50;\">Trekking cl\u00e1sico de Salkantay a Machu Picchu (5 d\u00edas)<\/a><\/h3><div class=\"tour-meta\" style=\"margin-bottom: 15px; font-size: 14px; color: #666;\"><span style=\"margin-right: 15px;\"><i class=\"fas fa-calendar\"><\/i> 5 dias - 4 noches<\/span><span style=\"margin-right: 15px;\"><i class=\"fas fa-map-marker-alt\"><\/i> Cusco<\/span><span><i class=\"fas fa-walking\"><\/i> Grupos Privados<\/span><\/div><p class=\"post-excerpt\" style=\"margin-bottom: 15px; color: #666; line-height: 1.5;\">Itinerario Breve ITINERARIO DIA 1: CUSCO \u2013 SORAYPAMPA \u2013 HUMANTAY LAKE \u2013 SALKANTAYPAMPA Esta espectacular aventura comienza a las 4:30...<\/p><a href=\"https:\/\/nomadinperu.com\/es\/classic-salkantay-trek-to-machu-picchu-5-days\/\" class=\"read-more-btn\" style=\"display: inline-block; background: #e74c3c; color: white; padding: 10px 20px; text-decoration: none; border-radius: 5px; font-weight: bold; transition: background 0.3s;\">View Details<\/a><\/div><\/div><div class=\"nomadinperu-post-item\" style=\"width: calc(33.333333333333% - 20px); background: white; border-radius: 10px; overflow: hidden; box-shadow: 0 5px 15px rgba(0,0,0,0.1);\"><div class=\"post-thumbnail\" style=\"height: 400px; overflow: hidden;\"><a href=\"https:\/\/nomadinperu.com\/es\/lares-trek-inca-trail-4-days\/\"><img loading=\"lazy\" decoding=\"async\" width=\"525\" height=\"700\" src=\"https:\/\/nomadinperu.com\/es\/wp-content\/uploads\/lares02.webp\" class=\"attachment-medium size-medium wp-post-image\" alt=\"\" style=\"width: 100%; height: 100%; object-fit: cover;\" \/><\/a><\/div><div class=\"post-content\" style=\"padding: 20px;\"><h3 class=\"post-title\" style=\"margin-bottom: 15px; font-size: 18px;\"><a href=\"https:\/\/nomadinperu.com\/es\/lares-trek-inca-trail-4-days\/\" style=\"text-decoration: none; color: #2c3e50;\">Trekking Lares + Camino Inca 4 d\u00edas<\/a><\/h3><div class=\"tour-meta\" style=\"margin-bottom: 15px; font-size: 14px; color: #666;\"><span style=\"margin-right: 15px;\"><i class=\"fas fa-calendar\"><\/i> 4 dias - 3 noches<\/span><span style=\"margin-right: 15px;\"><i class=\"fas fa-map-marker-alt\"><\/i> Cusco<\/span><span><i class=\"fas fa-walking\"><\/i> Grupos Prvados<\/span><\/div><p class=\"post-excerpt\" style=\"margin-bottom: 15px; color: #666; line-height: 1.5;\">Itinerario Breve ITINERARIO DIA 1: CUSCO \u2013 URUBAMBA \u2013 PUMAHUANCA \u2013 CUYOC Los recogeremos en su hotel a las 5:00...<\/p><a href=\"https:\/\/nomadinperu.com\/es\/lares-trek-inca-trail-4-days\/\" class=\"read-more-btn\" style=\"display: inline-block; background: #e74c3c; color: white; padding: 10px 20px; text-decoration: none; border-radius: 5px; font-weight: bold; transition: background 0.3s;\">View Details<\/a><\/div><\/div><div class=\"nomadinperu-post-item\" style=\"width: calc(33.333333333333% - 20px); background: white; border-radius: 10px; overflow: hidden; box-shadow: 0 5px 15px rgba(0,0,0,0.1);\"><div class=\"post-thumbnail\" style=\"height: 400px; overflow: hidden;\"><a href=\"https:\/\/nomadinperu.com\/es\/humantay-lake-y-salkantay-2-days\/\"><img loading=\"lazy\" decoding=\"async\" width=\"525\" height=\"700\" src=\"https:\/\/nomadinperu.com\/es\/wp-content\/uploads\/salkantay03.webp\" class=\"attachment-medium size-medium wp-post-image\" alt=\"\" style=\"width: 100%; height: 100%; object-fit: cover;\" \/><\/a><\/div><div class=\"post-content\" style=\"padding: 20px;\"><h3 class=\"post-title\" style=\"margin-bottom: 15px; font-size: 18px;\"><a href=\"https:\/\/nomadinperu.com\/es\/humantay-lake-y-salkantay-2-days\/\" style=\"text-decoration: none; color: #2c3e50;\">Laguna Humantay y Salkantay 2 d\u00edas<\/a><\/h3><div class=\"tour-meta\" style=\"margin-bottom: 15px; font-size: 14px; color: #666;\"><span style=\"margin-right: 15px;\"><i class=\"fas fa-calendar\"><\/i> 2 dias - 1 noche<\/span><span style=\"margin-right: 15px;\"><i class=\"fas fa-map-marker-alt\"><\/i> Cusco<\/span><span><i class=\"fas fa-walking\"><\/i> Grupos Privados<\/span><\/div><p class=\"post-excerpt\" style=\"margin-bottom: 15px; color: #666; line-height: 1.5;\">Itinerario breve ITINERARIO DIA 1: CUSCO \u2013 CHALLACANCHA &#8211; SORAYPAMPA \u2013 HUMANTAY LAKE \u2013 SALKANTAY PAMPA Tu aventura andina comienza...<\/p><a href=\"https:\/\/nomadinperu.com\/es\/humantay-lake-y-salkantay-2-days\/\" class=\"read-more-btn\" style=\"display: inline-block; background: #e74c3c; color: white; padding: 10px 20px; text-decoration: none; border-radius: 5px; font-weight: bold; transition: background 0.3s;\">View Details<\/a><\/div><\/div><div class=\"nomadinperu-post-item\" style=\"width: calc(33.333333333333% - 20px); background: white; border-radius: 10px; overflow: hidden; box-shadow: 0 5px 15px rgba(0,0,0,0.1);\"><div class=\"post-thumbnail\" style=\"height: 400px; overflow: hidden;\"><a href=\"https:\/\/nomadinperu.com\/es\/huchuy-qosqo-trek-to-machu-picchu-3-days\/\"><img loading=\"lazy\" decoding=\"async\" width=\"700\" height=\"700\" src=\"https:\/\/nomadinperu.com\/es\/wp-content\/uploads\/huchuyqosqo04.webp\" class=\"attachment-medium size-medium wp-post-image\" alt=\"\" style=\"width: 100%; height: 100%; object-fit: cover;\" \/><\/a><\/div><div class=\"post-content\" style=\"padding: 20px;\"><h3 class=\"post-title\" style=\"margin-bottom: 15px; font-size: 18px;\"><a href=\"https:\/\/nomadinperu.com\/es\/huchuy-qosqo-trek-to-machu-picchu-3-days\/\" style=\"text-decoration: none; color: #2c3e50;\">Huchuy Qosqo Trek a Machu Picchu 3 d\u00edas<\/a><\/h3><div class=\"tour-meta\" style=\"margin-bottom: 15px; font-size: 14px; color: #666;\"><span style=\"margin-right: 15px;\"><i class=\"fas fa-calendar\"><\/i> 3 dias - 2 noches<\/span><span style=\"margin-right: 15px;\"><i class=\"fas fa-map-marker-alt\"><\/i> Cusco<\/span><span><i class=\"fas fa-walking\"><\/i> Grupos Privados<\/span><\/div><p class=\"post-excerpt\" style=\"margin-bottom: 15px; color: #666; line-height: 1.5;\">Itinerario breve ITINERARIO DIA 1: CUSCO \u2013 TAMBOMACHAY \u2013 KENKO VILLAGE El equipo de Nomad In Peru te recoger\u00e1 en...<\/p><a href=\"https:\/\/nomadinperu.com\/es\/huchuy-qosqo-trek-to-machu-picchu-3-days\/\" class=\"read-more-btn\" style=\"display: inline-block; background: #e74c3c; color: white; padding: 10px 20px; text-decoration: none; border-radius: 5px; font-weight: bold; transition: background 0.3s;\">View Details<\/a><\/div><\/div><div class=\"nomadinperu-post-item\" style=\"width: calc(33.333333333333% - 20px); background: white; border-radius: 10px; overflow: hidden; box-shadow: 0 5px 15px rgba(0,0,0,0.1);\"><div class=\"post-thumbnail\" style=\"height: 400px; overflow: hidden;\"><a href=\"https:\/\/nomadinperu.com\/es\/huchuy-qosqo-trek-to-machu-picchu-2-days\/\"><img loading=\"lazy\" decoding=\"async\" width=\"450\" height=\"600\" src=\"https:\/\/nomadinperu.com\/es\/wp-content\/uploads\/machu-picchu05.webp\" class=\"attachment-medium size-medium wp-post-image\" alt=\"\" style=\"width: 100%; height: 100%; object-fit: cover;\" \/><\/a><\/div><div class=\"post-content\" style=\"padding: 20px;\"><h3 class=\"post-title\" style=\"margin-bottom: 15px; font-size: 18px;\"><a href=\"https:\/\/nomadinperu.com\/es\/huchuy-qosqo-trek-to-machu-picchu-2-days\/\" style=\"text-decoration: none; color: #2c3e50;\">Huchuy Qosqo Trek a Machu Picchu 2 d\u00edas<\/a><\/h3><div class=\"tour-meta\" style=\"margin-bottom: 15px; font-size: 14px; color: #666;\"><span style=\"margin-right: 15px;\"><i class=\"fas fa-calendar\"><\/i> 2 dias - 1 noche<\/span><span style=\"margin-right: 15px;\"><i class=\"fas fa-map-marker-alt\"><\/i> Cusco<\/span><span><i class=\"fas fa-walking\"><\/i> Grupos Privados<\/span><\/div><p class=\"post-excerpt\" style=\"margin-bottom: 15px; color: #666; line-height: 1.5;\">Itinerario breve ITINERARIO DIA 1: CUSCO \u2013 TAUCA \u2013 HUCHUY QOSQO \u2013 OLLANTAYTAMBO \u2013 AGUAS CALIENTES A las 6:00 a....<\/p><a href=\"https:\/\/nomadinperu.com\/es\/huchuy-qosqo-trek-to-machu-picchu-2-days\/\" class=\"read-more-btn\" style=\"display: inline-block; background: #e74c3c; color: white; padding: 10px 20px; text-decoration: none; border-radius: 5px; font-weight: bold; transition: background 0.3s;\">View Details<\/a><\/div><\/div><\/div>\n\n\n\n<h3 class=\"wp-block-heading\">\u00bfPor qu\u00e9 reservar la excursi\u00f3n a Salkantay o Lares?<\/h3>\n\n\n\n<p>Reservar una caminata por el Salkantay o el Lares significa elegir libertad, descubrimiento y autenticidad. La ruta del Salkantay ofrece impresionantes pasos de monta\u00f1a, lagos glaciares y selvas exuberantes, convirti\u00e9ndola en una de las mejores alternativas al Camino Inca para quienes buscan soledad y aventura. El Lares, por otro lado, revela la esencia de la vida andina, donde tradiciones centenarias se mantienen vivas en cada sonrisa, tejido y canci\u00f3n.<\/p>\n\n\n\n<p>Ambas caminatas permiten a los viajeros conectar profundamente con la naturaleza, evitando los senderos m\u00e1s concurridos. Son perfectas para quienes desean experimentar la diversidad de los paisajes peruanos y su vibrante cultura local en un viaje inolvidable.<\/p>\n\n\n\n<p>Al reservar con un operador responsable, usted garantiza pr\u00e1cticas \u00e9ticas que respetan a las comunidades locales, promueven la sostenibilidad y aseguran comodidad y seguridad durante toda su expedici\u00f3n.<\/p>\n\n\n\n<h3 class=\"wp-block-heading\">\u00bfPor qu\u00e9 viajar con Nomad en Per\u00fa?<\/h3>\n\n\n\n<p>En Nomad In Peru, somos expertos en las rutas de Salkantay y Lares, y dise\u00f1amos experiencias inmersivas que combinan aventura y conexi\u00f3n cultural. Nuestros gu\u00edas de monta\u00f1a profesionales, nuestro confiable equipo de apoyo y nuestro compromiso con un servicio de alta calidad hacen que cada paso del viaje sea gratificante e inolvidable. Ya sea que elija la belleza agreste de Salkantay o la riqueza cultural de Lares, Nomad In Peru le garantiza una caminata transformadora a Machu Picchu que refleja la verdadera esencia de los Andes.<\/p>\n","protected":false},"excerpt":{"rendered":"<p>Rutas de senderismo de Salkantay y Lares Rutas aut\u00e9nticas a Machu Picchu Las rutas de Salkantay y Lares ofrecen dos&#8230;<\/p>\n","protected":false},"author":1,"featured_media":0,"parent":0,"menu_order":0,"comment_status":"closed","ping_status":"open","template":"","meta":{"footnotes":""},"class_list":["post-2","page","type-page","status-publish","hentry"],"_links":{"self":[{"href":"https:\/\/nomadinperu.com\/es\/wp-json\/wp\/v2\/pages\/2","targetHints":{"allow":["GET"]}}],"collection":[{"href":"https:\/\/nomadinperu.com\/es\/wp-json\/wp\/v2\/pages"}],"about":[{"href":"https:\/\/nomadinperu.com\/es\/wp-json\/wp\/v2\/types\/page"}],"author":[{"embeddable":true,"href":"https:\/\/nomadinperu.com\/es\/wp-json\/wp\/v2\/users\/1"}],"replies":[{"embeddable":true,"href":"https:\/\/nomadinperu.com\/es\/wp-json\/wp\/v2\/comments?post=2"}],"version-history":[{"count":11,"href":"https:\/\/nomadinperu.com\/es\/wp-json\/wp\/v2\/pages\/2\/revisions"}],"predecessor-version":[{"id":453,"href":"https:\/\/nomadinperu.com\/es\/wp-json\/wp\/v2\/pages\/2\/revisions\/453"}],"wp:attachment":[{"href":"https:\/\/nomadinperu.com\/es\/wp-json\/wp\/v2\/media?parent=2"}],"curies":[{"name":"wp","href":"https:\/\/api.w.org\/{rel}","templated":true}]}}