{"id":163,"date":"2025-10-09T01:50:59","date_gmt":"2025-10-08T23:50:59","guid":{"rendered":"https:\/\/nomadinperu.com\/web25\/?page_id=163"},"modified":"2025-11-10T14:57:15","modified_gmt":"2025-11-10T13:57:15","slug":"inca-trail","status":"publish","type":"page","link":"https:\/\/nomadinperu.com\/es\/inca-trail\/","title":{"rendered":"Camino Inca"},"content":{"rendered":"\n<h1 class=\"wp-block-heading\">Camino Inca a Machu Picchu<\/h1>\n\n\n\n<h2 class=\"wp-block-heading\">La legendaria ruta de los incas<\/h2>\n\n\n\n<p>Sigue los pasos de los antiguos incas por uno de los senderos m\u00e1s emblem\u00e1ticos del mundo. El Camino Inca a Machu Picchu combina historia, naturaleza y aventura en perfecta armon\u00eda, gui\u00e1ndote a trav\u00e9s de impresionantes paisajes andinos, m\u00edsticos sitios arqueol\u00f3gicos y bosques nubosos repletos de orqu\u00eddeas y colibr\u00edes. Cada paso te acerca a la majestuosa Puerta del Sol y a la primera vista espectacular de Machu Picchu: una experiencia inolvidable.<\/p>\n\n\n\n<h3 class=\"wp-block-heading\">Nuestras experiencias en el Camino Inca<\/h3>\n\n\n<div class=\"nomadinperu-posts-grid\" style=\"display: flex; flex-wrap: wrap; gap: 20px;\"><div class=\"nomadinperu-post-item\" style=\"width: calc(33.333333333333% - 20px); background: white; border-radius: 10px; overflow: hidden; box-shadow: 0 5px 15px rgba(0,0,0,0.1);\"><div class=\"post-thumbnail\" style=\"height: 400px; overflow: hidden;\"><a href=\"https:\/\/nomadinperu.com\/es\/tour-camino-inca-en-un-dia\/\"><img loading=\"lazy\" decoding=\"async\" width=\"1244\" height=\"700\" src=\"https:\/\/nomadinperu.com\/es\/wp-content\/uploads\/Muro.webp\" class=\"attachment-medium size-medium wp-post-image\" alt=\"\" style=\"width: 100%; height: 100%; object-fit: cover;\" srcset=\"https:\/\/nomadinperu.com\/es\/wp-content\/uploads\/Muro.webp 1244w, https:\/\/nomadinperu.com\/es\/wp-content\/uploads\/Muro-768x432.webp 768w\" sizes=\"auto, (max-width: 1244px) 100vw, 1244px\" \/><\/a><\/div><div class=\"post-content\" style=\"padding: 20px;\"><h3 class=\"post-title\" style=\"margin-bottom: 15px; font-size: 18px;\"><a href=\"https:\/\/nomadinperu.com\/es\/tour-camino-inca-en-un-dia\/\" style=\"text-decoration: none; color: #2c3e50;\">Tour Camino Inca En Un Dia<\/a><\/h3><div class=\"tour-meta\" style=\"margin-bottom: 15px; font-size: 14px; color: #666;\"><\/div><a href=\"https:\/\/nomadinperu.com\/es\/tour-camino-inca-en-un-dia\/\" class=\"read-more-btn\" style=\"display: inline-block; background: #e74c3c; color: white; padding: 10px 20px; text-decoration: none; border-radius: 5px; font-weight: bold; transition: background 0.3s;\">View Details<\/a><\/div><\/div><div class=\"nomadinperu-post-item\" style=\"width: calc(33.333333333333% - 20px); background: white; border-radius: 10px; overflow: hidden; box-shadow: 0 5px 15px rgba(0,0,0,0.1);\"><div class=\"post-thumbnail\" style=\"height: 400px; overflow: hidden;\"><a href=\"https:\/\/nomadinperu.com\/es\/short-inca-trail-hike-2-days\/\"><img loading=\"lazy\" decoding=\"async\" width=\"563\" height=\"750\" src=\"https:\/\/nomadinperu.com\/es\/wp-content\/uploads\/short-inka-trail07.webp\" class=\"attachment-medium size-medium wp-post-image\" alt=\"\" style=\"width: 100%; height: 100%; object-fit: cover;\" \/><\/a><\/div><div class=\"post-content\" style=\"padding: 20px;\"><h3 class=\"post-title\" style=\"margin-bottom: 15px; font-size: 18px;\"><a href=\"https:\/\/nomadinperu.com\/es\/short-inca-trail-hike-2-days\/\" style=\"text-decoration: none; color: #2c3e50;\">Excursi\u00f3n corta por el Camino Inca (2 d\u00edas)<\/a><\/h3><div class=\"tour-meta\" style=\"margin-bottom: 15px; font-size: 14px; color: #666;\"><span style=\"margin-right: 15px;\"><i class=\"fas fa-calendar\"><\/i> 2 dias - 1 noche<\/span><span style=\"margin-right: 15px;\"><i class=\"fas fa-map-marker-alt\"><\/i> Cusco<\/span><span><i class=\"fas fa-walking\"><\/i> Grupos Privados<\/span><\/div><p class=\"post-excerpt\" style=\"margin-bottom: 15px; color: #666; line-height: 1.5;\">Itinerario breve ITINERARIO RECORRIDO CORTO POR EL CAMINO INCA \u2013 2 D\u00cdAS DIA 1: CUSCO \u2013 KILOMETRO 104 \u2013 AGUAS...<\/p><a href=\"https:\/\/nomadinperu.com\/es\/short-inca-trail-hike-2-days\/\" class=\"read-more-btn\" style=\"display: inline-block; background: #e74c3c; color: white; padding: 10px 20px; text-decoration: none; border-radius: 5px; font-weight: bold; transition: background 0.3s;\">View Details<\/a><\/div><\/div><div class=\"nomadinperu-post-item\" style=\"width: calc(33.333333333333% - 20px); background: white; border-radius: 10px; overflow: hidden; box-shadow: 0 5px 15px rgba(0,0,0,0.1);\"><div class=\"post-thumbnail\" style=\"height: 400px; overflow: hidden;\"><a href=\"https:\/\/nomadinperu.com\/es\/classic-inca-trail-to-machu-picchu-4-days\/\"><img loading=\"lazy\" decoding=\"async\" width=\"1515\" height=\"700\" src=\"https:\/\/nomadinperu.com\/es\/wp-content\/uploads\/inka-trail-4days08.webp\" class=\"attachment-medium size-medium wp-post-image\" alt=\"\" style=\"width: 100%; height: 100%; object-fit: cover;\" srcset=\"https:\/\/nomadinperu.com\/es\/wp-content\/uploads\/inka-trail-4days08.webp 1515w, https:\/\/nomadinperu.com\/es\/wp-content\/uploads\/inka-trail-4days08-768x355.webp 768w\" sizes=\"auto, (max-width: 1515px) 100vw, 1515px\" \/><\/a><\/div><div class=\"post-content\" style=\"padding: 20px;\"><h3 class=\"post-title\" style=\"margin-bottom: 15px; font-size: 18px;\"><a href=\"https:\/\/nomadinperu.com\/es\/classic-inca-trail-to-machu-picchu-4-days\/\" style=\"text-decoration: none; color: #2c3e50;\">Camino Inca Cl\u00e1sico a Machu Picchu: 4 D\u00edas<\/a><\/h3><div class=\"tour-meta\" style=\"margin-bottom: 15px; font-size: 14px; color: #666;\"><span style=\"margin-right: 15px;\"><i class=\"fas fa-calendar\"><\/i> 4 dias - 3 noches<\/span><span style=\"margin-right: 15px;\"><i class=\"fas fa-map-marker-alt\"><\/i> Cusco<\/span><span><i class=\"fas fa-walking\"><\/i> Grupos Privados<\/span><\/div><p class=\"post-excerpt\" style=\"margin-bottom: 15px; color: #666; line-height: 1.5;\">Itinerario breve ITINERARIO D\u00cdA 1 &#8211; CUSCO \u2013 KM 82 \u2013 LLACTAPATA \u2013 WAYLLABAMBA \u2013 AYAPATA Muy temprano por la...<\/p><a href=\"https:\/\/nomadinperu.com\/es\/classic-inca-trail-to-machu-picchu-4-days\/\" class=\"read-more-btn\" style=\"display: inline-block; background: #e74c3c; color: white; padding: 10px 20px; text-decoration: none; border-radius: 5px; font-weight: bold; transition: background 0.3s;\">View Details<\/a><\/div><\/div><\/div>\n\n\n\n<h3 class=\"wp-block-heading\">\u00bfPor qu\u00e9 reservar el Camino Inca a Machu Picchu?<\/h3>\n\n\n\n<p>Reservar el Camino Inca a Machu Picchu no es solo comprar una excursi\u00f3n, sino asegurar una de las experiencias de viaje m\u00e1s significativas del mundo. Debido a la limitaci\u00f3n de permisos diarios, reservar con anticipaci\u00f3n garantiza tu lugar en esta ruta de renombre mundial y una aventura impecable y bien organizada.<\/p>\n\n\n\n<p>Elegir esta excursi\u00f3n te permite presenciar de cerca la grandeza de los Andes y la maestr\u00eda de la ingenier\u00eda inca. Desde antiguas escaleras de piedra hasta templos sagrados escondidos en la selva, cada tramo del camino narra una historia de resiliencia, devoci\u00f3n y conexi\u00f3n con la naturaleza.<\/p>\n\n\n\n<p>Al reservar con un operador local de confianza, obtienes mucho m\u00e1s que log\u00edstica: obtienes gu\u00eda experta, seguridad y una inmersi\u00f3n cultural. Tu viaje se convierte en una experiencia responsable y enriquecedora, que apoya directamente a las comunidades locales y el turismo sostenible en Per\u00fa.<\/p>\n\n\n\n<h3 class=\"wp-block-heading\">\u00bfPor qu\u00e9 viajar con Nomad en Per\u00fa?<\/h3>\n\n\n\n<p>En Nomad In Peru, nos especializamos en organizar aventuras aut\u00e9nticas y seguras a lo largo del Camino Inca a Machu Picchu. Nuestros gu\u00edas expertos, el servicio personalizado y el profundo respeto por la cultura andina garantizan un viaje inolvidable de principio a fin. Con una meticulosa atenci\u00f3n al detalle y una genuina pasi\u00f3n por compartir el patrimonio peruano, transformamos cada caminata en una conexi\u00f3n significativa con la historia, la naturaleza y el esp\u00edritu.<\/p>\n","protected":false},"excerpt":{"rendered":"<p>Camino Inca a Machu Picchu La legendaria ruta de los incas Sigue los pasos de los antiguos incas por uno&#8230;<\/p>\n","protected":false},"author":1,"featured_media":0,"parent":0,"menu_order":0,"comment_status":"closed","ping_status":"closed","template":"","meta":{"footnotes":""},"class_list":["post-163","page","type-page","status-publish","hentry"],"_links":{"self":[{"href":"https:\/\/nomadinperu.com\/es\/wp-json\/wp\/v2\/pages\/163","targetHints":{"allow":["GET"]}}],"collection":[{"href":"https:\/\/nomadinperu.com\/es\/wp-json\/wp\/v2\/pages"}],"about":[{"href":"https:\/\/nomadinperu.com\/es\/wp-json\/wp\/v2\/types\/page"}],"author":[{"embeddable":true,"href":"https:\/\/nomadinperu.com\/es\/wp-json\/wp\/v2\/users\/1"}],"replies":[{"embeddable":true,"href":"https:\/\/nomadinperu.com\/es\/wp-json\/wp\/v2\/comments?post=163"}],"version-history":[{"count":6,"href":"https:\/\/nomadinperu.com\/es\/wp-json\/wp\/v2\/pages\/163\/revisions"}],"predecessor-version":[{"id":450,"href":"https:\/\/nomadinperu.com\/es\/wp-json\/wp\/v2\/pages\/163\/revisions\/450"}],"wp:attachment":[{"href":"https:\/\/nomadinperu.com\/es\/wp-json\/wp\/v2\/media?parent=163"}],"curies":[{"name":"wp","href":"https:\/\/api.w.org\/{rel}","templated":true}]}}